{"id":17921,"date":"2024-05-29T13:02:53","date_gmt":"2024-05-29T10:02:53","guid":{"rendered":"http:\/\/agdkayseri.org.tr\/?page_id=17921"},"modified":"2024-05-29T16:10:18","modified_gmt":"2024-05-29T13:10:18","slug":"sube-baskani","status":"publish","type":"page","link":"https:\/\/agdkayseri.org.tr\/index.php\/sube-baskani\/","title":{"rendered":"\u015eUBE BA\u015eKANI"},"content":{"rendered":"\t\t<div data-elementor-type=\"wp-page\" data-elementor-id=\"17921\" class=\"elementor elementor-17921\">\n\t\t\t\t\t\t<section class=\"elementor-section elementor-top-section elementor-element elementor-element-8fc864e elementor-section-stretched elementor-section-boxed elementor-section-height-default elementor-section-height-default\" data-id=\"8fc864e\" data-element_type=\"section\" data-settings=\"{&quot;stretch_section&quot;:&quot;section-stretched&quot;,&quot;background_background&quot;:&quot;classic&quot;}\">\n\t\t\t\t\t\t<div class=\"elementor-container elementor-column-gap-default\">\n\t\t\t\t\t<div class=\"elementor-column elementor-col-100 elementor-top-column elementor-element elementor-element-6262cb5\" data-id=\"6262cb5\" data-element_type=\"column\">\n\t\t\t<div class=\"elementor-widget-wrap elementor-element-populated\">\n\t\t\t\t\n\t\t<div class=\"elementor-element elementor-element-d3e6f87 elementor-widget elementor-widget-spacer\" data-id=\"d3e6f87\" data-element_type=\"widget\" data-widget_type=\"spacer.default\">\n\t\t\t\t<div class=\"elementor-widget-container\">\n\t\t\t<style>\/*! elementor - v3.21.0 - 26-05-2024 *\/\n.elementor-column .elementor-spacer-inner{height:var(--spacer-size)}.e-con{--container-widget-width:100%}.e-con-inner>.elementor-widget-spacer,.e-con>.elementor-widget-spacer{width:var(--container-widget-width,var(--spacer-size));--align-self:var(--container-widget-align-self,initial);--flex-shrink:0}.e-con-inner>.elementor-widget-spacer>.elementor-widget-container,.e-con>.elementor-widget-spacer>.elementor-widget-container{height:100%;width:100%}.e-con-inner>.elementor-widget-spacer>.elementor-widget-container>.elementor-spacer,.e-con>.elementor-widget-spacer>.elementor-widget-container>.elementor-spacer{height:100%}.e-con-inner>.elementor-widget-spacer>.elementor-widget-container>.elementor-spacer>.elementor-spacer-inner,.e-con>.elementor-widget-spacer>.elementor-widget-container>.elementor-spacer>.elementor-spacer-inner{height:var(--container-widget-height,var(--spacer-size))}.e-con-inner>.elementor-widget-spacer.elementor-widget-empty,.e-con>.elementor-widget-spacer.elementor-widget-empty{position:relative;min-height:22px;min-width:22px}.e-con-inner>.elementor-widget-spacer.elementor-widget-empty .elementor-widget-empty-icon,.e-con>.elementor-widget-spacer.elementor-widget-empty .elementor-widget-empty-icon{position:absolute;top:0;bottom:0;left:0;right:0;margin:auto;padding:0;width:22px;height:22px}<\/style>\t\t<div class=\"elementor-spacer\">\n\t\t\t<div class=\"elementor-spacer-inner\"><\/div>\n\t\t<\/div>\n\t\t\t\t<\/div>\n\t\t\t\t<\/div>\n\t\t\t\t<section class=\"elementor-section elementor-inner-section elementor-element elementor-element-f9d99a8 elementor-section-boxed elementor-section-height-default elementor-section-height-default\" data-id=\"f9d99a8\" data-element_type=\"section\">\n\t\t\t\t\t\t<div class=\"elementor-container elementor-column-gap-default\">\n\t\t\t\t\t<div class=\"elementor-column elementor-col-50 elementor-inner-column elementor-element elementor-element-3b986b5\" data-id=\"3b986b5\" data-element_type=\"column\">\n\t\t\t<div class=\"elementor-widget-wrap elementor-element-populated\">\n\t\t\t\t\t\t<div class=\"elementor-element elementor-element-dec4a43 elementor-widget elementor-widget-mae-parallax-image\" data-id=\"dec4a43\" data-element_type=\"widget\" data-widget_type=\"mae-parallax-image.default\">\n\t\t\t\t<div class=\"elementor-widget-container\">\n\t\t\t\t\t<div class=\"master-parallax-box\">\n\t\t\t<div class=\"parallax-wrap\">\n\t\t\t\t\t\t\t\t\t<div class=\"master-parallax-item elementor-repeater-item-dde42e5\" style=\"\" data-parallax='{\"x\" : 0, \"y\" : 0, \"smoothness\" : 0}' data-top=\"20px\" data-top-tablet=\"20px\" data-top-mobile=\"20px\"><img decoding=\"async\" src=\"https:\/\/ninzio.com\/sublime\/wp-content\/uploads\/2021\/04\/a-2.png\" alt=\"\"><\/div>\t\t\t\t\t\t\t\t\t<div class=\"master-parallax-item elementor-repeater-item-b821cc2\" style=\"\" data-parallax='{\"x\" : 0, \"y\" : 0, \"smoothness\" : 30}' data-top=\"120px\" data-top-tablet=\"120px\" data-top-mobile=\"120px\"><img decoding=\"async\" src=\"https:\/\/ninzio.com\/sublime\/wp-content\/uploads\/2021\/04\/a-1.png\" alt=\"\"><\/div>\t\t\t\t\t\t\t\t\t<div class=\"master-parallax-item elementor-repeater-item-915a90a\" style=\"\" data-parallax='{\"x\" : 20, \"y\" : 0, \"smoothness\" : 30}' data-top=\"0px\" data-top-tablet=\"0px\" data-top-mobile=\"0px\"><img decoding=\"async\" src=\"http:\/\/agdkayseri.org.tr\/wp-content\/uploads\/2024\/05\/WhatsApp-Image-2024-05-29-at-11.57.22.jpeg\" alt=\"\"><\/div>\t\t\t\t\t\t\t<\/div>\n\t\t<\/div>\n\t    \t\t<\/div>\n\t\t\t\t<\/div>\n\t\t\t\t\t<\/div>\n\t\t<\/div>\n\t\t\t\t<div class=\"elementor-column elementor-col-50 elementor-inner-column elementor-element elementor-element-eb7f1a1\" data-id=\"eb7f1a1\" data-element_type=\"column\">\n\t\t\t<div class=\"elementor-widget-wrap elementor-element-populated\">\n\t\t\t\t\t\t<div class=\"elementor-element elementor-element-2f91243 elementor-widget elementor-widget-spacer\" data-id=\"2f91243\" data-element_type=\"widget\" data-widget_type=\"spacer.default\">\n\t\t\t\t<div class=\"elementor-widget-container\">\n\t\t\t\t\t<div class=\"elementor-spacer\">\n\t\t\t<div class=\"elementor-spacer-inner\"><\/div>\n\t\t<\/div>\n\t\t\t\t<\/div>\n\t\t\t\t<\/div>\n\t\t\t\t<div class=\"elementor-element elementor-element-bcfa4af animated-fast align-left elementor-widget elementor-widget-mae-headings\" data-id=\"bcfa4af\" data-element_type=\"widget\" data-settings=\"{&quot;_animation&quot;:&quot;none&quot;}\" data-widget_type=\"mae-headings.default\">\n\t\t\t\t<div class=\"elementor-widget-container\">\n\t\t\t\n\t\t<div class=\"master-heading\">\n\t        \t            <div class=\"pre-heading\">\u015eube Ba\u015fkan\u0131<\/div>\n\t        \n\t        \t        <h2 class=\"main-heading\" data-splitting>Yusuf \u015eAH\u0130N<\/h2>\n\t        \n\t        \n\t        \t            <div class=\"sub-heading\">1989 y\u0131l\u0131nda Kayseri de do\u011fdu. \u0130lk\u00f6\u011fretimini ve lisesini Kayseri\u2019de tamamlad\u0131.<br><br>\n\u0130lk \u00f6\u011fretim ve lise y\u0131llar\u0131nda Anadolu Gen\u00e7lik Derne\u011fi okul ba\u015fkanl\u0131\u011f\u0131 g\u00f6revlerinde bulundu.<br><br>\n2005-2007 y\u0131llar\u0131 aras\u0131nda Saadet Partisi Kayseri \u0130l Gen\u00e7lik Kollar\u0131'nda Tan\u0131tma Ba\u015fkan\u0131 olarak g\u00f6rev yapt\u0131.<br><br>\n2007 y\u0131l\u0131ndan itibaren Ni\u011fde \u00d6mer Halis DEM\u0130R \u00dcniversitesi'nde \u0130ktisadi ve \u0130dari Bilimler Fak\u00fcltesi'nde \u0130\u015fletme B\u00f6l\u00fcm\u00fc e\u011fitimi ald\u0131.<br><br>\n\u00dcniversite y\u0131llar\u0131nda (2007-2009) Anadolu Gen\u00e7lik Derne\u011fi Ni\u011fde \u015eubesi \u00dcniversite Komisyonunda \u00e7e\u015fitli g\u00f6revler ald\u0131.<br><br>\n\u00dcniversite y\u0131llar\u0131nda (2009-2012) Saadet Partisi Ni\u011fde Gen\u00e7lik Kollar\u0131 Ba\u015fkanl\u0131\u011f\u0131 yapt\u0131.<br><br>\nNecmeddin ERBAKAN \u00dcniversitesinde, Y\u00f6netim, Organizasyon ve Planlama alan\u0131nda Y\u00fcksek Lisans E\u011fitimine devam etmektedir.<br><br>\n2015-2018 Y\u0131llar\u0131 aras\u0131nda Kayseri \u0130l G\u00f6\u00e7 \u0130daresi M\u00fcd\u00fcrl\u00fc\u011f\u00fc'nde G\u00f6\u00e7 Uzman\u0131 olarak g\u00f6rev yapt\u0131. Kayseri Geri G\u00f6nderme Merkezi kurucular\u0131 i\u00e7erisinde bulundu.<br><br>\n2017 y\u0131l\u0131nda Anadolu Gen\u00e7lik Derne\u011fi Kocasinan \u0130l\u00e7e ba\u015fkanl\u0131\u011f\u0131 g\u00f6revinde bulundu.<br><br>\n2022-2023 y\u0131llar\u0131nda Anadolu Gen\u00e7lik Derne\u011fi \u015eubesi Te\u015fkilat Ba\u015fkanl\u0131\u011f\u0131 g\u00f6revinde bulundu.<br><br>\n18.09.2023 tarihinden itibaren Anadolu Gen\u00e7lik Derne\u011fi Kayseri \u015eube Ba\u015fkan\u0131 g\u00f6revini y\u00fcr\u00fctmektedir ve Sosyal G\u00fcvenlik Denetmeni olarak \u00e7al\u0131\u015fma hayat\u0131n\u0131 s\u00fcrd\u00fcrmektedir. <br><br>Evli ve 2 \u00e7ocuk babas\u0131d\u0131r.<\/div>\n\t        \t    <\/div>\n\t    \t\t<\/div>\n\t\t\t\t<\/div>\n\t\t\t\t\t<\/div>\n\t\t<\/div>\n\t\t\t\t\t<\/div>\n\t\t<\/section>\n\t\t\t\t<div class=\"elementor-element elementor-element-dee2064 elementor-widget elementor-widget-spacer\" data-id=\"dee2064\" data-element_type=\"widget\" data-widget_type=\"spacer.default\">\n\t\t\t\t<div class=\"elementor-widget-container\">\n\t\t\t\t\t<div class=\"elementor-spacer\">\n\t\t\t<div class=\"elementor-spacer-inner\"><\/div>\n\t\t<\/div>\n\t\t\t\t<\/div>\n\t\t\t\t<\/div>\n\t\t\t\t\t<\/div>\n\t\t<\/div>\n\t\t\t\t\t<\/div>\n\t\t<\/section>\n\t\t\t\t<\/div>\n\t\t","protected":false},"excerpt":{"rendered":"<p>\u015eube Ba\u015fkan\u0131 Yusuf \u015eAH\u0130N 1989 y\u0131l\u0131nda Kayseri de do\u011fdu. \u0130lk\u00f6\u011fretimini ve lisesini Kayseri\u2019de tamamlad\u0131. \u0130lk \u00f6\u011fretim ve lise y\u0131llar\u0131nda Anadolu Gen\u00e7lik Derne\u011fi okul ba\u015fkanl\u0131\u011f\u0131 g\u00f6revlerinde bulundu. 2005-2007 y\u0131llar\u0131 aras\u0131nda Saadet Partisi Kayseri \u0130l Gen\u00e7lik Kollar\u0131&#8217;nda Tan\u0131tma Ba\u015fkan\u0131 olarak g\u00f6rev yapt\u0131. 2007 y\u0131l\u0131ndan itibaren Ni\u011fde \u00d6mer Halis DEM\u0130R \u00dcniversitesi&#8217;nde \u0130ktisadi ve \u0130dari Bilimler Fak\u00fcltesi&#8217;nde \u0130\u015fletme B\u00f6l\u00fcm\u00fc<\/p>\n","protected":false},"author":1,"featured_media":0,"parent":0,"menu_order":0,"comment_status":"closed","ping_status":"closed","template":"","meta":{"footnotes":""},"class_list":["post-17921","page","type-page","status-publish","hentry"],"_links":{"self":[{"href":"https:\/\/agdkayseri.org.tr\/index.php\/wp-json\/wp\/v2\/pages\/17921","targetHints":{"allow":["GET"]}}],"collection":[{"href":"https:\/\/agdkayseri.org.tr\/index.php\/wp-json\/wp\/v2\/pages"}],"about":[{"href":"https:\/\/agdkayseri.org.tr\/index.php\/wp-json\/wp\/v2\/types\/page"}],"author":[{"embeddable":true,"href":"https:\/\/agdkayseri.org.tr\/index.php\/wp-json\/wp\/v2\/users\/1"}],"replies":[{"embeddable":true,"href":"https:\/\/agdkayseri.org.tr\/index.php\/wp-json\/wp\/v2\/comments?post=17921"}],"version-history":[{"count":7,"href":"https:\/\/agdkayseri.org.tr\/index.php\/wp-json\/wp\/v2\/pages\/17921\/revisions"}],"predecessor-version":[{"id":18001,"href":"https:\/\/agdkayseri.org.tr\/index.php\/wp-json\/wp\/v2\/pages\/17921\/revisions\/18001"}],"wp:attachment":[{"href":"https:\/\/agdkayseri.org.tr\/index.php\/wp-json\/wp\/v2\/media?parent=17921"}],"curies":[{"name":"wp","href":"https:\/\/api.w.org\/{rel}","templated":true}]}}